{"id":2275,"date":"2022-10-12T06:09:34","date_gmt":"2022-10-12T06:09:34","guid":{"rendered":"https:\/\/lukladek.pl\/?page_id=2275"},"modified":"2022-10-12T06:16:50","modified_gmt":"2022-10-12T06:16:50","slug":"nasi-partnerzy","status":"publish","type":"page","link":"https:\/\/lukladek.pl\/index.php\/nasi-partnerzy\/","title":{"rendered":"Nasi partnerzy"},"content":{"rendered":"\t\t<div data-elementor-type=\"wp-page\" data-elementor-id=\"2275\" class=\"elementor elementor-2275\">\n\t\t\t\t\t\t<section class=\"elementor-section elementor-top-section elementor-element elementor-element-26a8d7a elementor-section-boxed elementor-section-height-default elementor-section-height-default\" data-id=\"26a8d7a\" data-element_type=\"section\">\n\t\t\t\t\t\t<div class=\"elementor-container elementor-column-gap-default\">\n\t\t\t\t\t<div class=\"elementor-column elementor-col-100 elementor-top-column elementor-element elementor-element-cdcc909\" data-id=\"cdcc909\" data-element_type=\"column\">\n\t\t\t<div class=\"elementor-widget-wrap elementor-element-populated\">\n\t\t\t\t\t\t<div class=\"elementor-element elementor-element-58884ad elementor-widget elementor-widget-spacer\" data-id=\"58884ad\" data-element_type=\"widget\" data-widget_type=\"spacer.default\">\n\t\t\t\t<div class=\"elementor-widget-container\">\n\t\t\t\t\t\t\t<div class=\"elementor-spacer\">\n\t\t\t<div class=\"elementor-spacer-inner\"><\/div>\n\t\t<\/div>\n\t\t\t\t\t\t<\/div>\n\t\t\t\t<\/div>\n\t\t\t\t\t<\/div>\n\t\t<\/div>\n\t\t\t\t\t<\/div>\n\t\t<\/section>\n\t\t\t\t<section class=\"elementor-section elementor-top-section elementor-element elementor-element-b329146 animated-slow elementor-section-boxed elementor-section-height-default elementor-section-height-default elementor-invisible\" data-id=\"b329146\" data-element_type=\"section\" data-settings=\"{&quot;animation&quot;:&quot;fadeInUp&quot;}\">\n\t\t\t\t\t\t<div class=\"elementor-container elementor-column-gap-default\">\n\t\t\t\t\t<div class=\"elementor-column elementor-col-100 elementor-top-column elementor-element elementor-element-fc51ff0\" data-id=\"fc51ff0\" data-element_type=\"column\">\n\t\t\t<div class=\"elementor-widget-wrap elementor-element-populated\">\n\t\t\t\t\t\t<div class=\"elementor-element elementor-element-a062d5e elementor-widget elementor-widget-heading\" data-id=\"a062d5e\" data-element_type=\"widget\" data-widget_type=\"heading.default\">\n\t\t\t\t<div class=\"elementor-widget-container\">\n\t\t\t\t\t<h2 class=\"elementor-heading-title elementor-size-default\">Nasi partnerzy<\/h2>\t\t\t\t<\/div>\n\t\t\t\t<\/div>\n\t\t\t\t\t<\/div>\n\t\t<\/div>\n\t\t\t\t\t<\/div>\n\t\t<\/section>\n\t\t\t\t<section class=\"elementor-section elementor-top-section elementor-element elementor-element-0ea3909 animated-slow elementor-section-boxed elementor-section-height-default elementor-section-height-default elementor-invisible\" data-id=\"0ea3909\" data-element_type=\"section\" data-settings=\"{&quot;background_background&quot;:&quot;classic&quot;,&quot;animation&quot;:&quot;fadeInUp&quot;}\">\n\t\t\t\t\t\t<div class=\"elementor-container elementor-column-gap-default\">\n\t\t\t\t\t<div class=\"elementor-column elementor-col-33 elementor-top-column elementor-element elementor-element-3a85e77\" data-id=\"3a85e77\" data-element_type=\"column\">\n\t\t\t<div class=\"elementor-widget-wrap elementor-element-populated\">\n\t\t\t\t\t\t<div class=\"elementor-element elementor-element-923a114 elementor-widget elementor-widget-text-editor\" data-id=\"923a114\" data-element_type=\"widget\" data-widget_type=\"text-editor.default\">\n\t\t\t\t<div class=\"elementor-widget-container\">\n\t\t\t\t\t\t\t\t\t<h4 class=\"card-title py-2 mbr-crt-title mbr-fonts-style display-7\"><a class=\"\" href=\"https:\/\/ladek.pl\/\" target=\"_blank\" rel=\"noopener\">Urz\u0105d Miasta i Gminy<\/a><br \/><a class=\"\" href=\"https:\/\/ladek.pl\/\" target=\"_blank\" rel=\"noopener\">L\u0105dek-Zdr\u00f3j<\/a><\/h4>\t\t\t\t\t\t\t\t<\/div>\n\t\t\t\t<\/div>\n\t\t\t\t<div class=\"elementor-element elementor-element-6b8e505 elementor-widget elementor-widget-text-editor\" data-id=\"6b8e505\" data-element_type=\"widget\" data-widget_type=\"text-editor.default\">\n\t\t\t\t<div class=\"elementor-widget-container\">\n\t\t\t\t\t\t\t\t\t<h4 class=\"card-title py-2 mbr-crt-title mbr-fonts-style display-7\"><a class=\"\" href=\"http:\/\/www.powiat.klodzko.pl\/\" target=\"_blank\" rel=\"noopener\">Starostwo Powiatowe<\/a><br \/><a class=\"\" href=\"http:\/\/www.powiat.klodzko.pl\/\" target=\"_blank\" rel=\"noopener\">w K\u0142odzku<\/a><\/h4>\t\t\t\t\t\t\t\t<\/div>\n\t\t\t\t<\/div>\n\t\t\t\t\t<\/div>\n\t\t<\/div>\n\t\t\t\t<div class=\"elementor-column elementor-col-33 elementor-top-column elementor-element elementor-element-9ff86cb\" data-id=\"9ff86cb\" data-element_type=\"column\">\n\t\t\t<div class=\"elementor-widget-wrap elementor-element-populated\">\n\t\t\t\t\t\t<div class=\"elementor-element elementor-element-e8797d3 elementor-widget elementor-widget-image\" data-id=\"e8797d3\" data-element_type=\"widget\" data-widget_type=\"image.default\">\n\t\t\t\t<div class=\"elementor-widget-container\">\n\t\t\t\t\t\t\t\t\t\t\t\t\t\t\t<img fetchpriority=\"high\" decoding=\"async\" width=\"982\" height=\"589\" src=\"https:\/\/lukladek.pl\/wp-content\/uploads\/2022\/10\/mbr-982x589-1.jpg\" class=\"attachment-large size-large wp-image-2277\" alt=\"\" srcset=\"https:\/\/lukladek.pl\/wp-content\/uploads\/2022\/10\/mbr-982x589-1.jpg 982w, https:\/\/lukladek.pl\/wp-content\/uploads\/2022\/10\/mbr-982x589-1-300x180.jpg 300w, https:\/\/lukladek.pl\/wp-content\/uploads\/2022\/10\/mbr-982x589-1-768x461.jpg 768w\" sizes=\"(max-width: 982px) 100vw, 982px\" \/>\t\t\t\t\t\t\t\t\t\t\t\t\t\t\t<\/div>\n\t\t\t\t<\/div>\n\t\t\t\t\t<\/div>\n\t\t<\/div>\n\t\t\t\t<div class=\"elementor-column elementor-col-33 elementor-top-column elementor-element elementor-element-4cfb702\" data-id=\"4cfb702\" data-element_type=\"column\">\n\t\t\t<div class=\"elementor-widget-wrap elementor-element-populated\">\n\t\t\t\t\t\t<div class=\"elementor-element elementor-element-bac25b8 elementor-widget elementor-widget-text-editor\" data-id=\"bac25b8\" data-element_type=\"widget\" data-widget_type=\"text-editor.default\">\n\t\t\t\t<div class=\"elementor-widget-container\">\n\t\t\t\t\t\t\t\t\t<h4 class=\"card-title py-2 mbr-crt-title mbr-fonts-style display-7\"><a class=\"\" href=\"http:\/\/www.uzdrowisko-ladek.pl\/\" target=\"_blank\" rel=\"noopener\">UZDROWISKO L\u0104DEK-D\u0141UGOPOLE<\/a><br \/><a class=\"\" href=\"http:\/\/www.uzdrowisko-ladek.pl\/\" target=\"_blank\" rel=\"noopener\">L\u0104DEK-ZDR\u00d3J<\/a><\/h4>\t\t\t\t\t\t\t\t<\/div>\n\t\t\t\t<\/div>\n\t\t\t\t<div class=\"elementor-element elementor-element-6fb0894 elementor-widget elementor-widget-text-editor\" data-id=\"6fb0894\" data-element_type=\"widget\" data-widget_type=\"text-editor.default\">\n\t\t\t\t<div class=\"elementor-widget-container\">\n\t\t\t\t\t\t\t\t\t<h4 class=\"card-title py-2 mbr-crt-title mbr-fonts-style display-7\"><a class=\"\" href=\"http:\/\/www.ladek.wroclaw.lasy.gov.pl\/\" target=\"_blank\" rel=\"noopener\">Nadle\u015bnictwo L\u0105dek-Zdr\u00f3j<\/a><\/h4>\t\t\t\t\t\t\t\t<\/div>\n\t\t\t\t<\/div>\n\t\t\t\t\t<\/div>\n\t\t<\/div>\n\t\t\t\t\t<\/div>\n\t\t<\/section>\n\t\t\t\t<\/div>\n\t\t","protected":false},"excerpt":{"rendered":"<p>Nasi partnerzy Urz\u0105d Miasta i GminyL\u0105dek-Zdr\u00f3j Starostwo Powiatowew K\u0142odzku UZDROWISKO L\u0104DEK-D\u0141UGOPOLEL\u0104DEK-ZDR\u00d3J Nadle\u015bnictwo L\u0105dek-Zdr\u00f3j<\/p>\n","protected":false},"author":1,"featured_media":0,"parent":0,"menu_order":0,"comment_status":"closed","ping_status":"closed","template":"","meta":{"_uag_custom_page_level_css":"","site-sidebar-layout":"no-sidebar","site-content-layout":"page-builder","ast-site-content-layout":"default","site-content-style":"default","site-sidebar-style":"default","ast-global-header-display":"","ast-banner-title-visibility":"","ast-main-header-display":"","ast-hfb-above-header-display":"","ast-hfb-below-header-display":"","ast-hfb-mobile-header-display":"","site-post-title":"disabled","ast-breadcrumbs-content":"","ast-featured-img":"disabled","footer-sml-layout":"","theme-transparent-header-meta":"","adv-header-id-meta":"","stick-header-meta":"","header-above-stick-meta":"","header-main-stick-meta":"","header-below-stick-meta":"","astra-migrate-meta-layouts":"default","ast-page-background-enabled":"default","ast-page-background-meta":{"desktop":{"background-color":"","background-image":"","background-repeat":"repeat","background-position":"center center","background-size":"auto","background-attachment":"scroll","background-type":"","background-media":"","overlay-type":"","overlay-color":"","overlay-opacity":"","overlay-gradient":""},"tablet":{"background-color":"","background-image":"","background-repeat":"repeat","background-position":"center center","background-size":"auto","background-attachment":"scroll","background-type":"","background-media":"","overlay-type":"","overlay-color":"","overlay-opacity":"","overlay-gradient":""},"mobile":{"background-color":"","background-image":"","background-repeat":"repeat","background-position":"center center","background-size":"auto","background-attachment":"scroll","background-type":"","background-media":"","overlay-type":"","overlay-color":"","overlay-opacity":"","overlay-gradient":""}},"ast-content-background-meta":{"desktop":{"background-color":"var(--ast-global-color-5)","background-image":"","background-repeat":"repeat","background-position":"center center","background-size":"auto","background-attachment":"scroll","background-type":"","background-media":"","overlay-type":"","overlay-color":"","overlay-opacity":"","overlay-gradient":""},"tablet":{"background-color":"var(--ast-global-color-5)","background-image":"","background-repeat":"repeat","background-position":"center center","background-size":"auto","background-attachment":"scroll","background-type":"","background-media":"","overlay-type":"","overlay-color":"","overlay-opacity":"","overlay-gradient":""},"mobile":{"background-color":"var(--ast-global-color-5)","background-image":"","background-repeat":"repeat","background-position":"center center","background-size":"auto","background-attachment":"scroll","background-type":"","background-media":"","overlay-type":"","overlay-color":"","overlay-opacity":"","overlay-gradient":""}},"footnotes":""},"class_list":["post-2275","page","type-page","status-publish","hentry"],"uagb_featured_image_src":{"full":false,"thumbnail":false,"medium":false,"medium_large":false,"large":false,"1536x1536":false,"2048x2048":false},"uagb_author_info":{"display_name":"admin","author_link":"https:\/\/lukladek.pl\/index.php\/author\/admin\/"},"uagb_comment_info":0,"uagb_excerpt":"Nasi partnerzy Urz\u0105d Miasta i GminyL\u0105dek-Zdr\u00f3j Starostwo Powiatowew K\u0142odzku UZDROWISKO L\u0104DEK-D\u0141UGOPOLEL\u0104DEK-ZDR\u00d3J Nadle\u015bnictwo L\u0105dek-Zdr\u00f3j","jetpack-related-posts":[],"jetpack_sharing_enabled":true,"_links":{"self":[{"href":"https:\/\/lukladek.pl\/index.php\/wp-json\/wp\/v2\/pages\/2275","targetHints":{"allow":["GET"]}}],"collection":[{"href":"https:\/\/lukladek.pl\/index.php\/wp-json\/wp\/v2\/pages"}],"about":[{"href":"https:\/\/lukladek.pl\/index.php\/wp-json\/wp\/v2\/types\/page"}],"author":[{"embeddable":true,"href":"https:\/\/lukladek.pl\/index.php\/wp-json\/wp\/v2\/users\/1"}],"replies":[{"embeddable":true,"href":"https:\/\/lukladek.pl\/index.php\/wp-json\/wp\/v2\/comments?post=2275"}],"version-history":[{"count":7,"href":"https:\/\/lukladek.pl\/index.php\/wp-json\/wp\/v2\/pages\/2275\/revisions"}],"predecessor-version":[{"id":2285,"href":"https:\/\/lukladek.pl\/index.php\/wp-json\/wp\/v2\/pages\/2275\/revisions\/2285"}],"wp:attachment":[{"href":"https:\/\/lukladek.pl\/index.php\/wp-json\/wp\/v2\/media?parent=2275"}],"curies":[{"name":"wp","href":"https:\/\/api.w.org\/{rel}","templated":true}]}}