{"id":2157,"date":"2022-10-12T04:30:09","date_gmt":"2022-10-12T04:30:09","guid":{"rendered":"https:\/\/lukladek.pl\/?page_id=2157"},"modified":"2022-10-12T04:34:08","modified_gmt":"2022-10-12T04:34:08","slug":"album","status":"publish","type":"page","link":"https:\/\/lukladek.pl\/index.php\/album\/","title":{"rendered":"Album"},"content":{"rendered":"\t\t<div data-elementor-type=\"wp-page\" data-elementor-id=\"2157\" class=\"elementor elementor-2157\">\n\t\t\t\t\t\t<section class=\"elementor-section elementor-top-section elementor-element elementor-element-d3d75cc elementor-section-boxed elementor-section-height-default elementor-section-height-default\" data-id=\"d3d75cc\" data-element_type=\"section\">\n\t\t\t\t\t\t<div class=\"elementor-container elementor-column-gap-default\">\n\t\t\t\t\t<div class=\"elementor-column elementor-col-100 elementor-top-column elementor-element elementor-element-d6ed87d\" data-id=\"d6ed87d\" data-element_type=\"column\">\n\t\t\t<div class=\"elementor-widget-wrap elementor-element-populated\">\n\t\t\t\t\t\t<div class=\"elementor-element elementor-element-76af6b5 elementor-widget elementor-widget-heading\" data-id=\"76af6b5\" data-element_type=\"widget\" data-widget_type=\"heading.default\">\n\t\t\t\t<div class=\"elementor-widget-container\">\n\t\t\t\t\t<h2 class=\"elementor-heading-title elementor-size-default\">Album o L\u0105dku-Zdroju<\/h2>\t\t\t\t<\/div>\n\t\t\t\t<\/div>\n\t\t\t\t<div class=\"elementor-element elementor-element-06d67c0 elementor-widget elementor-widget-text-editor\" data-id=\"06d67c0\" data-element_type=\"widget\" data-widget_type=\"text-editor.default\">\n\t\t\t\t<div class=\"elementor-widget-container\">\n\t\t\t\t\t\t\t\t\t<p>Z ogromn\u0105 przyjemno\u015bci\u0105 informujemy Pa\u0144stwa, i\u017c, Zarz\u0105d L\u0105deckich Us\u0142ug Komunalnych Sp. z o.o. wraz z Burmistrzem L\u0105dka-Zdroju Romanem Kaczmarczykiem, wsp\u00f3lnie zainicjowali opracowanie i wydanie albumu pod nazw\u0105 \u201cL\u0105dek-Zdr\u00f3j &#8211; magiczne lustro\u201d.<\/p>\t\t\t\t\t\t\t\t<\/div>\n\t\t\t\t<\/div>\n\t\t\t\t\t<\/div>\n\t\t<\/div>\n\t\t\t\t\t<\/div>\n\t\t<\/section>\n\t\t\t\t<section class=\"elementor-section elementor-top-section elementor-element elementor-element-7110203 elementor-section-boxed elementor-section-height-default elementor-section-height-default\" data-id=\"7110203\" data-element_type=\"section\">\n\t\t\t\t\t\t<div class=\"elementor-container elementor-column-gap-default\">\n\t\t\t\t\t<div class=\"elementor-column elementor-col-100 elementor-top-column elementor-element elementor-element-c554c61\" data-id=\"c554c61\" data-element_type=\"column\">\n\t\t\t<div class=\"elementor-widget-wrap elementor-element-populated\">\n\t\t\t\t\t\t<div class=\"elementor-element elementor-element-b766680 gallery-spacing-custom elementor-widget elementor-widget-image-gallery\" data-id=\"b766680\" data-element_type=\"widget\" data-widget_type=\"image-gallery.default\">\n\t\t\t\t<div class=\"elementor-widget-container\">\n\t\t\t\t\t\t\t<div class=\"elementor-image-gallery\">\n\t\t\t<div id='gallery-1' class='gallery galleryid-2157 gallery-columns-3 gallery-size-thumbnail'><figure class='gallery-item'>\n\t\t\t<div class='gallery-icon landscape'>\n\t\t\t\t<a data-elementor-open-lightbox=\"yes\" data-elementor-lightbox-slideshow=\"b766680\" data-elementor-lightbox-title=\"ladek-lustro-czasu-2-2000x1000\" data-e-action-hash=\"#elementor-action%3Aaction%3Dlightbox%26settings%3DeyJpZCI6MjE1OSwidXJsIjoiaHR0cHM6XC9cL2x1a2xhZGVrLnBsXC93cC1jb250ZW50XC91cGxvYWRzXC8yMDIyXC8xMFwvbGFkZWstbHVzdHJvLWN6YXN1LTItMjAwMHgxMDAwLTEuanBnIiwic2xpZGVzaG93IjoiYjc2NjY4MCJ9\" href='https:\/\/lukladek.pl\/wp-content\/uploads\/2022\/10\/ladek-lustro-czasu-2-2000x1000-1.jpg'><img decoding=\"async\" width=\"150\" height=\"150\" src=\"https:\/\/lukladek.pl\/wp-content\/uploads\/2022\/10\/ladek-lustro-czasu-2-2000x1000-1-150x150.jpg\" class=\"attachment-thumbnail size-thumbnail\" alt=\"\" \/><\/a>\n\t\t\t<\/div><\/figure><figure class='gallery-item'>\n\t\t\t<div class='gallery-icon landscape'>\n\t\t\t\t<a data-elementor-open-lightbox=\"yes\" data-elementor-lightbox-slideshow=\"b766680\" data-elementor-lightbox-title=\"ladek-lustro-czasu-3-2000x1000\" data-e-action-hash=\"#elementor-action%3Aaction%3Dlightbox%26settings%3DeyJpZCI6MjE2MCwidXJsIjoiaHR0cHM6XC9cL2x1a2xhZGVrLnBsXC93cC1jb250ZW50XC91cGxvYWRzXC8yMDIyXC8xMFwvbGFkZWstbHVzdHJvLWN6YXN1LTMtMjAwMHgxMDAwLTEuanBnIiwic2xpZGVzaG93IjoiYjc2NjY4MCJ9\" href='https:\/\/lukladek.pl\/wp-content\/uploads\/2022\/10\/ladek-lustro-czasu-3-2000x1000-1.jpg'><img decoding=\"async\" width=\"150\" height=\"150\" src=\"https:\/\/lukladek.pl\/wp-content\/uploads\/2022\/10\/ladek-lustro-czasu-3-2000x1000-1-150x150.jpg\" class=\"attachment-thumbnail size-thumbnail\" alt=\"\" \/><\/a>\n\t\t\t<\/div><\/figure><figure class='gallery-item'>\n\t\t\t<div class='gallery-icon landscape'>\n\t\t\t\t<a data-elementor-open-lightbox=\"yes\" data-elementor-lightbox-slideshow=\"b766680\" data-elementor-lightbox-title=\"ladek-lustro-czasu-5-2000x1000\" data-e-action-hash=\"#elementor-action%3Aaction%3Dlightbox%26settings%3DeyJpZCI6MjE2MSwidXJsIjoiaHR0cHM6XC9cL2x1a2xhZGVrLnBsXC93cC1jb250ZW50XC91cGxvYWRzXC8yMDIyXC8xMFwvbGFkZWstbHVzdHJvLWN6YXN1LTUtMjAwMHgxMDAwLTEuanBnIiwic2xpZGVzaG93IjoiYjc2NjY4MCJ9\" href='https:\/\/lukladek.pl\/wp-content\/uploads\/2022\/10\/ladek-lustro-czasu-5-2000x1000-1.jpg'><img decoding=\"async\" width=\"150\" height=\"150\" src=\"https:\/\/lukladek.pl\/wp-content\/uploads\/2022\/10\/ladek-lustro-czasu-5-2000x1000-1-150x150.jpg\" class=\"attachment-thumbnail size-thumbnail\" alt=\"\" \/><\/a>\n\t\t\t<\/div><\/figure><figure class='gallery-item'>\n\t\t\t<div class='gallery-icon landscape'>\n\t\t\t\t<a data-elementor-open-lightbox=\"yes\" data-elementor-lightbox-slideshow=\"b766680\" data-elementor-lightbox-title=\"ladek-lustro-czasu-8-2000x1000\" data-e-action-hash=\"#elementor-action%3Aaction%3Dlightbox%26settings%3DeyJpZCI6MjE2MiwidXJsIjoiaHR0cHM6XC9cL2x1a2xhZGVrLnBsXC93cC1jb250ZW50XC91cGxvYWRzXC8yMDIyXC8xMFwvbGFkZWstbHVzdHJvLWN6YXN1LTgtMjAwMHgxMDAwLTEuanBnIiwic2xpZGVzaG93IjoiYjc2NjY4MCJ9\" href='https:\/\/lukladek.pl\/wp-content\/uploads\/2022\/10\/ladek-lustro-czasu-8-2000x1000-1.jpg'><img loading=\"lazy\" decoding=\"async\" width=\"150\" height=\"150\" src=\"https:\/\/lukladek.pl\/wp-content\/uploads\/2022\/10\/ladek-lustro-czasu-8-2000x1000-1-150x150.jpg\" class=\"attachment-thumbnail size-thumbnail\" alt=\"\" \/><\/a>\n\t\t\t<\/div><\/figure><figure class='gallery-item'>\n\t\t\t<div class='gallery-icon landscape'>\n\t\t\t\t<a data-elementor-open-lightbox=\"yes\" data-elementor-lightbox-slideshow=\"b766680\" data-elementor-lightbox-title=\"ladek-lustro-czasu-14-2000x1000\" data-e-action-hash=\"#elementor-action%3Aaction%3Dlightbox%26settings%3DeyJpZCI6MjE2MywidXJsIjoiaHR0cHM6XC9cL2x1a2xhZGVrLnBsXC93cC1jb250ZW50XC91cGxvYWRzXC8yMDIyXC8xMFwvbGFkZWstbHVzdHJvLWN6YXN1LTE0LTIwMDB4MTAwMC0xLmpwZyIsInNsaWRlc2hvdyI6ImI3NjY2ODAifQ%3D%3D\" href='https:\/\/lukladek.pl\/wp-content\/uploads\/2022\/10\/ladek-lustro-czasu-14-2000x1000-1.jpg'><img loading=\"lazy\" decoding=\"async\" width=\"150\" height=\"150\" src=\"https:\/\/lukladek.pl\/wp-content\/uploads\/2022\/10\/ladek-lustro-czasu-14-2000x1000-1-150x150.jpg\" class=\"attachment-thumbnail size-thumbnail\" alt=\"\" \/><\/a>\n\t\t\t<\/div><\/figure><figure class='gallery-item'>\n\t\t\t<div class='gallery-icon landscape'>\n\t\t\t\t<a data-elementor-open-lightbox=\"yes\" data-elementor-lightbox-slideshow=\"b766680\" data-elementor-lightbox-title=\"ladek-lustro-czasu-19-2000x1000\" data-e-action-hash=\"#elementor-action%3Aaction%3Dlightbox%26settings%3DeyJpZCI6MjE2NCwidXJsIjoiaHR0cHM6XC9cL2x1a2xhZGVrLnBsXC93cC1jb250ZW50XC91cGxvYWRzXC8yMDIyXC8xMFwvbGFkZWstbHVzdHJvLWN6YXN1LTE5LTIwMDB4MTAwMC0xLmpwZyIsInNsaWRlc2hvdyI6ImI3NjY2ODAifQ%3D%3D\" href='https:\/\/lukladek.pl\/wp-content\/uploads\/2022\/10\/ladek-lustro-czasu-19-2000x1000-1.jpg'><img loading=\"lazy\" decoding=\"async\" width=\"150\" height=\"150\" src=\"https:\/\/lukladek.pl\/wp-content\/uploads\/2022\/10\/ladek-lustro-czasu-19-2000x1000-1-150x150.jpg\" class=\"attachment-thumbnail size-thumbnail\" alt=\"\" \/><\/a>\n\t\t\t<\/div><\/figure>\n\t\t<\/div>\n\t\t<\/div>\n\t\t\t\t\t\t<\/div>\n\t\t\t\t<\/div>\n\t\t\t\t\t<\/div>\n\t\t<\/div>\n\t\t\t\t\t<\/div>\n\t\t<\/section>\n\t\t\t\t<section class=\"elementor-section elementor-top-section elementor-element elementor-element-30f0500 elementor-section-boxed elementor-section-height-default elementor-section-height-default\" data-id=\"30f0500\" data-element_type=\"section\">\n\t\t\t\t\t\t<div class=\"elementor-container elementor-column-gap-default\">\n\t\t\t\t\t<div class=\"elementor-column elementor-col-100 elementor-top-column elementor-element elementor-element-a7dafb0\" data-id=\"a7dafb0\" data-element_type=\"column\">\n\t\t\t<div class=\"elementor-widget-wrap elementor-element-populated\">\n\t\t\t\t\t\t<div class=\"elementor-element elementor-element-b3b90da elementor-widget elementor-widget-text-editor\" data-id=\"b3b90da\" data-element_type=\"widget\" data-widget_type=\"text-editor.default\">\n\t\t\t\t<div class=\"elementor-widget-container\">\n\t\t\t\t\t\t\t\t\t<p>Wiod\u0105cym celem przedsi\u0119wzi\u0119cia by\u0142o zebranie wyj\u0105tkowej historii naszego miasta, jak i wsp\u00f3\u0142czesnego otoczenia w jedno albumowe wydanie, zapewniaj\u0105ce szersz\u0105 promocj\u0119 naszego Uzdrowiska. Publikacja s\u0142u\u017cy\u0107 ma wszystkim zainteresowanym, d\u0105\u017c\u0105cym do poznania kr\u00f3tkiej historii opowiadanej przez cenne egzemplarze starych l\u0105deckich fotografii i poczt\u00f3wek oraz promocji miasta, poprzez zawarcie wsp\u00f3\u0142czesnej opowie\u015bci o L\u0105deckich wydarzeniach kulturalnych takich jak m.in. Mi\u0119dzynarodowy Festiwal Ta\u0144ca im. Olgi Sawickiej, Dolno\u015bl\u0105ski Festiwal Bieg\u00f3w G\u00f3rskich czy Festiwal G\u00f3rski im. Andrzeja Zawady.<\/p><div>Album wydany zosta\u0142 w dw\u00f3ch j\u0119zykach &#8211; polskim i angielskim, aby mogli z niego korzysta\u0107 r\u00f3wnie\u017c zagraniczni tury\u015bci odwiedzaj\u0105cy L\u0105dek-Zdr\u00f3j Mamy ogromn\u0105 nadziej\u0119, \u017ce album b\u0119dzie kolejnym narz\u0119dziem, promuj\u0105cym niezwyk\u0142\u0105 histori\u0119 i kultur\u0119 naszego miasta, kt\u00f3r\u0105 dumnie mo\u017cemy si\u0119 dzieli\u0107 z innymi, wykorzystuj\u0105c i publikuj\u0105c jednocze\u015bnie ogromne zasoby materia\u0142\u00f3w historycznych, posiadanych przez lokalnych pasjonat\u00f3w.<\/div><div>\u00a0<\/div><div><u>Sk\u0142adamy serdeczne wyrazy wdzi\u0119czno\u015bci<\/u>\u00a0Panu Zbigniewowi Franczukowskiemu za koncepcj\u0119 oraz redakcj\u0119 nad albumem.<\/div><div>\u00a0<\/div><div><u>Szczeg\u00f3lne podzi\u0119kowania za okazane wsparcie zechc\u0105 przyj\u0105\u0107<\/u>: Marek Rafa\u0142ko- za udost\u0119pnienie archiwalnych poczt\u00f3wek L\u0105dka-Zdroju i za wsp\u00f3\u0142prac\u0119 oraz Rados\u0142aw Pietraga, Judyta Ka\u017amierczak, Marzena Zawal oraz Grzegorz Szczygie\u0142 &#8211; za udostepnienie wsp\u00f3\u0142czesnych zdj\u0119\u0107 L\u0105dka-Zdroju.<\/div><div>\u00a0<\/div><div><u>Serdecznie dzi\u0119kujemy r\u00f3wnie\u017c wszystkim fundatorom za okazane wsparcie finansowe<\/u>: Urz\u0119dowi Miasta i Gminy w L\u0105dku-Zdroju, Pensjonatowi CK Kalina, Uzdrowisku L\u0105dek-D\u0142ugopole S.A, Coffee Ride, Hotelowi Spa Alhambra, NZOZ Intermed dr n. med. Ignacy Einhorn oraz Medykom-Sympatykom L\u0105dka-Zdroju: lek. med. Aleksandra S\u0119dziak,\u00a0 lek. med. Maria Dukat-Krzonkalla i Wojciech Krzonkalla,\u00a0 lek. med. Eleni Mawrudi-Nowak,<br \/>\u00a0dr n. med. Jacek G\u0105siorowski, dr med. Agnieszka Ferdynus i dr n. med. Grzegorz Ferdynus, lek. med. Robert D\u0119bski.<\/div><div><br \/>Osobi\u015bcie dzi\u0119kuj\u0119 za wyj\u0105tkowy wk\u0142ad pracy organizacyjnej i merytorycznej na poszczeg\u00f3lnych etapach tworzenia albumu Pani Monice Ziniewicz.<\/div><div>\u00a0<\/div><div>To dzi\u0119ki takim ludziom jak Pa\u0144stwo, uda\u0142o nam si\u0119 osi\u0105gn\u0105\u0107 zamierzony cel jakim by\u0142o wydanie publikacji ukazuj\u0105cej pi\u0119kno historii i miasta L\u0105dek-Zdr\u00f3j, a tym samym promocja naszej miejscowo\u015bci.<\/div><div>\u00a0<\/div><div><strong>Zach\u0119camy Pa\u0144stwa do nabycia tej niezwyk\u0142ej publikacji, kt\u00f3ra jest dost\u0119pna w sprzeda\u017cy w cenie 50 z\u0142. za egzemplarz<br \/><\/strong><\/div><div><strong>(ilo\u015b\u0107 sztuk ograniczona) w nast\u0119puj\u0105cych punktach:<\/strong><\/div><div><strong>\u00a0<\/strong><\/div><div>Kliknij w adres aby wyznaczy\u0107 tras\u0119 w google maps.<\/div><div>&#8211;<a class=\"text-primary\" href=\"https:\/\/goo.gl\/maps\/pmuAQsHcesQciQ8r8\" target=\"_blank\" rel=\"noopener\">Punkt Informacji Turystycznej przy pl. Starom\u0142y\u0144ski 5<\/a><\/div><div>&#8211;<a class=\"text-primary\" href=\"https:\/\/g.page\/sednoladek-zdroj?share\" target=\"_blank\" rel=\"noopener\">Sklep z pami\u0105tkami &#8222;SEDNO&#8221; Mariola Kozi\u0144ska przy ul. Rynek 4<\/a><\/div><div>&#8211;\u00a0<a class=\"text-primary\" href=\"https:\/\/goo.gl\/maps\/kVpdRCfzRRvmzEhK7\" target=\"_blank\" rel=\"noopener\">Sklep ABM Plus Bogumi\u0142a Baran przy ul. Ko\u015bciuszki 42<\/a><\/div><p>\u00a0<\/p><div><a class=\"text-primary\" href=\"https:\/\/goo.gl\/maps\/kVpdRCfzRRvmzEhK7\" target=\"_blank\" rel=\"noopener\">\u00a0 \u00a0<\/a>Zarz\u0105d L\u0105deckich Us\u0142ug Komunalnych Sp. z o.o.<\/div>\t\t\t\t\t\t\t\t<\/div>\n\t\t\t\t<\/div>\n\t\t\t\t\t<\/div>\n\t\t<\/div>\n\t\t\t\t\t<\/div>\n\t\t<\/section>\n\t\t\t\t<\/div>\n\t\t","protected":false},"excerpt":{"rendered":"<p>Album o L\u0105dku-Zdroju Z ogromn\u0105 przyjemno\u015bci\u0105 informujemy Pa\u0144stwa, i\u017c, Zarz\u0105d L\u0105deckich Us\u0142ug Komunalnych Sp. z o.o. wraz z Burmistrzem L\u0105dka-Zdroju Romanem Kaczmarczykiem, wsp\u00f3lnie zainicjowali opracowanie i wydanie albumu pod nazw\u0105 \u201cL\u0105dek-Zdr\u00f3j &#8211; magiczne lustro\u201d. Wiod\u0105cym celem przedsi\u0119wzi\u0119cia by\u0142o zebranie wyj\u0105tkowej historii naszego miasta, jak i wsp\u00f3\u0142czesnego otoczenia w jedno albumowe wydanie, zapewniaj\u0105ce szersz\u0105 promocj\u0119 naszego [&hellip;]<\/p>\n","protected":false},"author":1,"featured_media":0,"parent":0,"menu_order":0,"comment_status":"closed","ping_status":"closed","template":"","meta":{"_uag_custom_page_level_css":"","site-sidebar-layout":"no-sidebar","site-content-layout":"page-builder","ast-site-content-layout":"default","site-content-style":"default","site-sidebar-style":"default","ast-global-header-display":"","ast-banner-title-visibility":"","ast-main-header-display":"","ast-hfb-above-header-display":"","ast-hfb-below-header-display":"","ast-hfb-mobile-header-display":"","site-post-title":"disabled","ast-breadcrumbs-content":"","ast-featured-img":"disabled","footer-sml-layout":"","theme-transparent-header-meta":"","adv-header-id-meta":"","stick-header-meta":"","header-above-stick-meta":"","header-main-stick-meta":"","header-below-stick-meta":"","astra-migrate-meta-layouts":"default","ast-page-background-enabled":"default","ast-page-background-meta":{"desktop":{"background-color":"","background-image":"","background-repeat":"repeat","background-position":"center center","background-size":"auto","background-attachment":"scroll","background-type":"","background-media":"","overlay-type":"","overlay-color":"","overlay-opacity":"","overlay-gradient":""},"tablet":{"background-color":"","background-image":"","background-repeat":"repeat","background-position":"center center","background-size":"auto","background-attachment":"scroll","background-type":"","background-media":"","overlay-type":"","overlay-color":"","overlay-opacity":"","overlay-gradient":""},"mobile":{"background-color":"","background-image":"","background-repeat":"repeat","background-position":"center center","background-size":"auto","background-attachment":"scroll","background-type":"","background-media":"","overlay-type":"","overlay-color":"","overlay-opacity":"","overlay-gradient":""}},"ast-content-background-meta":{"desktop":{"background-color":"var(--ast-global-color-5)","background-image":"","background-repeat":"repeat","background-position":"center center","background-size":"auto","background-attachment":"scroll","background-type":"","background-media":"","overlay-type":"","overlay-color":"","overlay-opacity":"","overlay-gradient":""},"tablet":{"background-color":"var(--ast-global-color-5)","background-image":"","background-repeat":"repeat","background-position":"center center","background-size":"auto","background-attachment":"scroll","background-type":"","background-media":"","overlay-type":"","overlay-color":"","overlay-opacity":"","overlay-gradient":""},"mobile":{"background-color":"var(--ast-global-color-5)","background-image":"","background-repeat":"repeat","background-position":"center center","background-size":"auto","background-attachment":"scroll","background-type":"","background-media":"","overlay-type":"","overlay-color":"","overlay-opacity":"","overlay-gradient":""}},"footnotes":""},"class_list":["post-2157","page","type-page","status-publish","hentry"],"uagb_featured_image_src":{"full":false,"thumbnail":false,"medium":false,"medium_large":false,"large":false,"1536x1536":false,"2048x2048":false},"uagb_author_info":{"display_name":"admin","author_link":"https:\/\/lukladek.pl\/index.php\/author\/admin\/"},"uagb_comment_info":0,"uagb_excerpt":"Album o L\u0105dku-Zdroju Z ogromn\u0105 przyjemno\u015bci\u0105 informujemy Pa\u0144stwa, i\u017c, Zarz\u0105d L\u0105deckich Us\u0142ug Komunalnych Sp. z o.o. wraz z Burmistrzem L\u0105dka-Zdroju Romanem Kaczmarczykiem, wsp\u00f3lnie zainicjowali opracowanie i wydanie albumu pod nazw\u0105 \u201cL\u0105dek-Zdr\u00f3j &#8211; magiczne lustro\u201d. Wiod\u0105cym celem przedsi\u0119wzi\u0119cia by\u0142o zebranie wyj\u0105tkowej historii naszego miasta, jak i wsp\u00f3\u0142czesnego otoczenia w jedno albumowe wydanie, zapewniaj\u0105ce szersz\u0105 promocj\u0119 naszego&hellip;","jetpack-related-posts":[],"jetpack_sharing_enabled":true,"_links":{"self":[{"href":"https:\/\/lukladek.pl\/index.php\/wp-json\/wp\/v2\/pages\/2157","targetHints":{"allow":["GET"]}}],"collection":[{"href":"https:\/\/lukladek.pl\/index.php\/wp-json\/wp\/v2\/pages"}],"about":[{"href":"https:\/\/lukladek.pl\/index.php\/wp-json\/wp\/v2\/types\/page"}],"author":[{"embeddable":true,"href":"https:\/\/lukladek.pl\/index.php\/wp-json\/wp\/v2\/users\/1"}],"replies":[{"embeddable":true,"href":"https:\/\/lukladek.pl\/index.php\/wp-json\/wp\/v2\/comments?post=2157"}],"version-history":[{"count":7,"href":"https:\/\/lukladek.pl\/index.php\/wp-json\/wp\/v2\/pages\/2157\/revisions"}],"predecessor-version":[{"id":2170,"href":"https:\/\/lukladek.pl\/index.php\/wp-json\/wp\/v2\/pages\/2157\/revisions\/2170"}],"wp:attachment":[{"href":"https:\/\/lukladek.pl\/index.php\/wp-json\/wp\/v2\/media?parent=2157"}],"curies":[{"name":"wp","href":"https:\/\/api.w.org\/{rel}","templated":true}]}}